{"id":6914,"date":"2024-02-13T16:57:45","date_gmt":"2024-02-13T16:57:45","guid":{"rendered":"https:\/\/seminarioamigos.mx\/?page_id=6914"},"modified":"2024-02-22T19:08:04","modified_gmt":"2024-02-22T19:08:04","slug":"antecedentes","status":"publish","type":"page","link":"https:\/\/seminarioamigos.mx\/en\/antecedentes\/","title":{"rendered":"Background"},"content":{"rendered":"<div data-elementor-type=\"wp-page\" data-elementor-id=\"6914\" class=\"elementor elementor-6914\">\n\t\t\t\t<div class=\"elementor-element elementor-element-362760b e-flex e-con-boxed e-con e-parent\" data-id=\"362760b\" data-element_type=\"container\" data-e-type=\"container\" data-settings=\"{&quot;background_background&quot;:&quot;classic&quot;}\">\n\t\t\t\t\t<div class=\"e-con-inner\">\n\t\t\t\t<div class=\"elementor-element elementor-element-02bb2eb exad-sticky-section-no exad-glass-effect-no elementor-widget elementor-widget-spacer\" data-id=\"02bb2eb\" data-element_type=\"widget\" data-e-type=\"widget\" data-widget_type=\"spacer.default\">\n\t\t\t\t<div class=\"elementor-widget-container\">\n\t\t\t\t\t\t\t<div class=\"elementor-spacer\">\n\t\t\t<div class=\"elementor-spacer-inner\"><\/div>\n\t\t<\/div>\n\t\t\t\t\t\t<\/div>\n\t\t\t\t<\/div>\n\t\t\t\t<div class=\"elementor-element elementor-element-e9873fc exad-sticky-section-no exad-glass-effect-no elementor-widget elementor-widget-heading\" data-id=\"e9873fc\" data-element_type=\"widget\" data-e-type=\"widget\" data-widget_type=\"heading.default\">\n\t\t\t\t<div class=\"elementor-widget-container\">\n\t\t\t\t\t<h2 class=\"elementor-heading-title elementor-size-default\">Background<\/h2>\t\t\t\t<\/div>\n\t\t\t\t<\/div>\n\t\t\t\t<div class=\"elementor-element elementor-element-c7a85d4 exad-sticky-section-no exad-glass-effect-no elementor-widget elementor-widget-image\" data-id=\"c7a85d4\" data-element_type=\"widget\" data-e-type=\"widget\" data-widget_type=\"image.default\">\n\t\t\t\t<div class=\"elementor-widget-container\">\n\t\t\t\t\t\t\t\t\t\t\t\t\t\t\t<img fetchpriority=\"high\" decoding=\"async\" width=\"382\" height=\"272\" src=\"https:\/\/seminarioamigos.mx\/wp-content\/uploads\/2024\/02\/Captura-de-pantalla-2017-08-11-a-las-11.04.09-a.m.-382x272-1.png\" class=\"attachment-large size-large wp-image-6882\" alt=\"\" srcset=\"https:\/\/seminarioamigos.mx\/wp-content\/uploads\/2024\/02\/Captura-de-pantalla-2017-08-11-a-las-11.04.09-a.m.-382x272-1.png 382w, https:\/\/seminarioamigos.mx\/wp-content\/uploads\/2024\/02\/Captura-de-pantalla-2017-08-11-a-las-11.04.09-a.m.-382x272-1-300x214.png 300w, https:\/\/seminarioamigos.mx\/wp-content\/uploads\/2024\/02\/Captura-de-pantalla-2017-08-11-a-las-11.04.09-a.m.-382x272-1-18x12.png 18w\" sizes=\"100vw\" \/>\t\t\t\t\t\t\t\t\t\t\t\t\t\t\t<\/div>\n\t\t\t\t<\/div>\n\t\t\t\t<div class=\"elementor-element elementor-element-7807643 exad-sticky-section-no exad-glass-effect-no elementor-widget elementor-widget-text-editor\" data-id=\"7807643\" data-element_type=\"widget\" data-e-type=\"widget\" data-widget_type=\"text-editor.default\">\n\t\t\t\t<div class=\"elementor-widget-container\">\n\t\t\t\t\t\t\t\t\t<p class=\"p1\"><span class=\"s1\">Born in Monterrey, N.L. in the early 1980s through the initiative of Navigation Services in the Mexican Air Space (SENEAM) and Air Traffic Control-FAA. The original name of the seminar was \u201cOperation Friendship\u201d, and it was created in order to guide and familiarize pilots in the northeastern region of the country about basic air traffic control procedures and air regulations of the United States of America. Over time, at the request and recommendation of the aeronautical authorities of both countries, it was decided to change the title of the seminar to the International Aviation Safety Seminar \u201cAmigos de la Aviaci\u00f3n\u201d and it became organized mainly by the General Directorate of Aeronautics. Civil (DGAC), and the Federal Aviation Administration (FAA). Currently, 27 editions have been held in different venues such as; Monterrey, Quer\u00e9taro, Cozumel, Saltillo, Guadalajara as well as San Antonio, Laredo and San Diego, among others.<\/span><\/p><p class=\"p1\"><span class=\"s1\">Amigos de la Aviation aims to provide updated information to technical personnel, general aviation operators, air taxis, and aeronautical workshops on regulations, procedures, technological advances and equipment requirements in aircraft, such as RVSM, TCAS, EGPWS, FDR -CVR and others.<\/span><\/p><p class=\"p1\"><span class=\"s1\">We have the participation of aeronautical authorities from Mexico and the United States; customs and immigration authorities, Homeland Security, health authorities, airport administrators such as Aeropuerto del Norte, San Antonio and Laredo, Texas, as well as people related to airport services, aviation schools and countless experts in aeronautical and academic institutions such as UNAQ and UANL, since this event gives students of different careers related to the sector the opportunity to learn and find job opportunities.<\/span><\/p><p class=\"p1\"><span class=\"s1\">One of the most important achievements in this seminar has been obtaining authorization from the FAA to carry out US licensing exams for mechanics and private pilots without having to travel to the US.<\/span><\/p><p class=\"p1\"><span class=\"s1\">In addition, the FAA recently authorized Central American countries to submit their license applications in Mexico, which is why the presence of participants from countries such as El Salvador, Guatemala, Honduras, Panama, Costa Rica, Chile and Colombia is also expected.<\/span><\/p>\t\t\t\t\t\t\t\t<\/div>\n\t\t\t\t<\/div>\n\t\t\t\t\t<\/div>\n\t\t\t\t<\/div>\n\t\t\t\t<\/div>","protected":false},"excerpt":{"rendered":"<p>Antecedentes Nace en Monterrey, N.L. a principios de la d\u00e9cada de los 80 por iniciativa de Servicios a la Navegaci\u00f3n en el Espacio A\u00e9reo Mexicano (SENEAM) y Air Traffic Control-FAA. El nombre original del seminario fue \u201cOperaci\u00f3n Amistad\u201d, y fue creado con el fin de orientar y familiarizar a los pilotos de la regi\u00f3n noreste &hellip; <\/p>\n<p class=\"link-more\"><a href=\"https:\/\/seminarioamigos.mx\/en\/antecedentes\/\" class=\"more-link\">Read more<span class=\"screen-reader-text\"> &#8220;Antecedentes&#8221;<\/span><\/a><\/p>","protected":false},"author":1,"featured_media":0,"parent":0,"menu_order":0,"comment_status":"closed","ping_status":"closed","template":"elementor_canvas","meta":{"inspiro_hide_title":false,"footnotes":""},"class_list":["post-6914","page","type-page","status-publish","hentry"],"yoast_head":"<!-- This site is optimized with the Yoast SEO plugin v27.4 - https:\/\/yoast.com\/product\/yoast-seo-wordpress\/ -->\n<title>Antecedentes &#8211; Seminario Amigos de la Aviaci\u00f3n<\/title>\n<meta name=\"robots\" content=\"index, follow, max-snippet:-1, max-image-preview:large, max-video-preview:-1\" \/>\n<link rel=\"canonical\" href=\"https:\/\/seminarioamigos.mx\/en\/antecedentes\/\" \/>\n<meta property=\"og:locale\" content=\"en_US\" \/>\n<meta property=\"og:type\" content=\"article\" \/>\n<meta property=\"og:title\" content=\"Antecedentes &#8211; Seminario Amigos de la Aviaci\u00f3n\" \/>\n<meta property=\"og:description\" content=\"Antecedentes Nace en Monterrey, N.L. a principios de la d\u00e9cada de los 80 por iniciativa de Servicios a la Navegaci\u00f3n en el Espacio A\u00e9reo Mexicano (SENEAM) y Air Traffic Control-FAA. El nombre original del seminario fue \u201cOperaci\u00f3n Amistad\u201d, y fue creado con el fin de orientar y familiarizar a los pilotos de la regi\u00f3n noreste &hellip; Read more &quot;Antecedentes&quot;\" \/>\n<meta property=\"og:url\" content=\"https:\/\/seminarioamigos.mx\/en\/antecedentes\/\" \/>\n<meta property=\"og:site_name\" content=\"Seminario Amigos de la Aviaci\u00f3n\" \/>\n<meta property=\"article:publisher\" content=\"https:\/\/www.facebook.com\/AmigosdelaAviacion\/\" \/>\n<meta property=\"article:modified_time\" content=\"2024-02-22T19:08:04+00:00\" \/>\n<meta property=\"og:image\" content=\"https:\/\/seminarioamigos.mx\/wp-content\/uploads\/2024\/02\/Captura-de-pantalla-2017-08-11-a-las-11.04.09-a.m.-382x272-1.png\" \/>\n<meta name=\"twitter:card\" content=\"summary_large_image\" \/>\n<meta name=\"twitter:label1\" content=\"Est. reading time\" \/>\n\t<meta name=\"twitter:data1\" content=\"2 minutes\" \/>\n<script type=\"application\/ld+json\" class=\"yoast-schema-graph\">{\"@context\":\"https:\\\/\\\/schema.org\",\"@graph\":[{\"@type\":\"WebPage\",\"@id\":\"https:\\\/\\\/seminarioamigos.mx\\\/antecedentes\\\/\",\"url\":\"https:\\\/\\\/seminarioamigos.mx\\\/antecedentes\\\/\",\"name\":\"Antecedentes &#8211; Seminario Amigos de la Aviaci\u00f3n\",\"isPartOf\":{\"@id\":\"https:\\\/\\\/seminarioamigos.mx\\\/#website\"},\"primaryImageOfPage\":{\"@id\":\"https:\\\/\\\/seminarioamigos.mx\\\/antecedentes\\\/#primaryimage\"},\"image\":{\"@id\":\"https:\\\/\\\/seminarioamigos.mx\\\/antecedentes\\\/#primaryimage\"},\"thumbnailUrl\":\"https:\\\/\\\/seminarioamigos.mx\\\/wp-content\\\/uploads\\\/2024\\\/02\\\/Captura-de-pantalla-2017-08-11-a-las-11.04.09-a.m.-382x272-1.png\",\"datePublished\":\"2024-02-13T16:57:45+00:00\",\"dateModified\":\"2024-02-22T19:08:04+00:00\",\"breadcrumb\":{\"@id\":\"https:\\\/\\\/seminarioamigos.mx\\\/antecedentes\\\/#breadcrumb\"},\"inLanguage\":\"en-US\",\"potentialAction\":[{\"@type\":\"ReadAction\",\"target\":[\"https:\\\/\\\/seminarioamigos.mx\\\/antecedentes\\\/\"]}]},{\"@type\":\"ImageObject\",\"inLanguage\":\"en-US\",\"@id\":\"https:\\\/\\\/seminarioamigos.mx\\\/antecedentes\\\/#primaryimage\",\"url\":\"https:\\\/\\\/seminarioamigos.mx\\\/wp-content\\\/uploads\\\/2024\\\/02\\\/Captura-de-pantalla-2017-08-11-a-las-11.04.09-a.m.-382x272-1.png\",\"contentUrl\":\"https:\\\/\\\/seminarioamigos.mx\\\/wp-content\\\/uploads\\\/2024\\\/02\\\/Captura-de-pantalla-2017-08-11-a-las-11.04.09-a.m.-382x272-1.png\"},{\"@type\":\"BreadcrumbList\",\"@id\":\"https:\\\/\\\/seminarioamigos.mx\\\/antecedentes\\\/#breadcrumb\",\"itemListElement\":[{\"@type\":\"ListItem\",\"position\":1,\"name\":\"Home\",\"item\":\"https:\\\/\\\/seminarioamigos.mx\\\/\"},{\"@type\":\"ListItem\",\"position\":2,\"name\":\"Antecedentes\"}]},{\"@type\":\"WebSite\",\"@id\":\"https:\\\/\\\/seminarioamigos.mx\\\/#website\",\"url\":\"https:\\\/\\\/seminarioamigos.mx\\\/\",\"name\":\"Seminario Amigos de la Aviaci\u00f3n\",\"description\":\"Nos vemos el pr\u00f3ximo 5, 6 y 7 de Agosto de 2026 en Monterrey Seminario Internacional de Seguridad A\u00e9rea, Amigos de la Aviaci\u00f3n Western Hemisphere Conference.\",\"publisher\":{\"@id\":\"https:\\\/\\\/seminarioamigos.mx\\\/#organization\"},\"alternateName\":\"Seminario Amigos de la Aviaci\u00f3n\",\"potentialAction\":[{\"@type\":\"SearchAction\",\"target\":{\"@type\":\"EntryPoint\",\"urlTemplate\":\"https:\\\/\\\/seminarioamigos.mx\\\/?s={search_term_string}\"},\"query-input\":{\"@type\":\"PropertyValueSpecification\",\"valueRequired\":true,\"valueName\":\"search_term_string\"}}],\"inLanguage\":\"en-US\"},{\"@type\":\"Organization\",\"@id\":\"https:\\\/\\\/seminarioamigos.mx\\\/#organization\",\"name\":\"Seminario Amigos de la Aviaci\u00f3n\",\"url\":\"https:\\\/\\\/seminarioamigos.mx\\\/\",\"logo\":{\"@type\":\"ImageObject\",\"inLanguage\":\"en-US\",\"@id\":\"https:\\\/\\\/seminarioamigos.mx\\\/#\\\/schema\\\/logo\\\/image\\\/\",\"url\":\"https:\\\/\\\/seminarioamigos.mx\\\/wp-content\\\/uploads\\\/2026\\\/02\\\/cropped-Seminario_Amigos_Saltilla_2025Logos_Patrocinadores-25.png\",\"contentUrl\":\"https:\\\/\\\/seminarioamigos.mx\\\/wp-content\\\/uploads\\\/2026\\\/02\\\/cropped-Seminario_Amigos_Saltilla_2025Logos_Patrocinadores-25.png\",\"width\":1688,\"height\":422,\"caption\":\"Seminario Amigos de la Aviaci\u00f3n\"},\"image\":{\"@id\":\"https:\\\/\\\/seminarioamigos.mx\\\/#\\\/schema\\\/logo\\\/image\\\/\"},\"sameAs\":[\"https:\\\/\\\/www.facebook.com\\\/AmigosdelaAviacion\\\/\"]}]}<\/script>\n<!-- \/ Yoast SEO plugin. -->","yoast_head_json":{"title":"Antecedentes &#8211; Seminario Amigos de la Aviaci\u00f3n","robots":{"index":"index","follow":"follow","max-snippet":"max-snippet:-1","max-image-preview":"max-image-preview:large","max-video-preview":"max-video-preview:-1"},"canonical":"https:\/\/seminarioamigos.mx\/en\/antecedentes\/","og_locale":"en_US","og_type":"article","og_title":"Antecedentes &#8211; Seminario Amigos de la Aviaci\u00f3n","og_description":"Antecedentes Nace en Monterrey, N.L. a principios de la d\u00e9cada de los 80 por iniciativa de Servicios a la Navegaci\u00f3n en el Espacio A\u00e9reo Mexicano (SENEAM) y Air Traffic Control-FAA. El nombre original del seminario fue \u201cOperaci\u00f3n Amistad\u201d, y fue creado con el fin de orientar y familiarizar a los pilotos de la regi\u00f3n noreste &hellip; Read more \"Antecedentes\"","og_url":"https:\/\/seminarioamigos.mx\/en\/antecedentes\/","og_site_name":"Seminario Amigos de la Aviaci\u00f3n","article_publisher":"https:\/\/www.facebook.com\/AmigosdelaAviacion\/","article_modified_time":"2024-02-22T19:08:04+00:00","og_image":[{"url":"https:\/\/seminarioamigos.mx\/wp-content\/uploads\/2024\/02\/Captura-de-pantalla-2017-08-11-a-las-11.04.09-a.m.-382x272-1.png","type":"","width":"","height":""}],"twitter_card":"summary_large_image","twitter_misc":{"Est. reading time":"2 minutes"},"schema":{"@context":"https:\/\/schema.org","@graph":[{"@type":"WebPage","@id":"https:\/\/seminarioamigos.mx\/antecedentes\/","url":"https:\/\/seminarioamigos.mx\/antecedentes\/","name":"Antecedentes &#8211; Seminario Amigos de la Aviaci\u00f3n","isPartOf":{"@id":"https:\/\/seminarioamigos.mx\/#website"},"primaryImageOfPage":{"@id":"https:\/\/seminarioamigos.mx\/antecedentes\/#primaryimage"},"image":{"@id":"https:\/\/seminarioamigos.mx\/antecedentes\/#primaryimage"},"thumbnailUrl":"https:\/\/seminarioamigos.mx\/wp-content\/uploads\/2024\/02\/Captura-de-pantalla-2017-08-11-a-las-11.04.09-a.m.-382x272-1.png","datePublished":"2024-02-13T16:57:45+00:00","dateModified":"2024-02-22T19:08:04+00:00","breadcrumb":{"@id":"https:\/\/seminarioamigos.mx\/antecedentes\/#breadcrumb"},"inLanguage":"en-US","potentialAction":[{"@type":"ReadAction","target":["https:\/\/seminarioamigos.mx\/antecedentes\/"]}]},{"@type":"ImageObject","inLanguage":"en-US","@id":"https:\/\/seminarioamigos.mx\/antecedentes\/#primaryimage","url":"https:\/\/seminarioamigos.mx\/wp-content\/uploads\/2024\/02\/Captura-de-pantalla-2017-08-11-a-las-11.04.09-a.m.-382x272-1.png","contentUrl":"https:\/\/seminarioamigos.mx\/wp-content\/uploads\/2024\/02\/Captura-de-pantalla-2017-08-11-a-las-11.04.09-a.m.-382x272-1.png"},{"@type":"BreadcrumbList","@id":"https:\/\/seminarioamigos.mx\/antecedentes\/#breadcrumb","itemListElement":[{"@type":"ListItem","position":1,"name":"Home","item":"https:\/\/seminarioamigos.mx\/"},{"@type":"ListItem","position":2,"name":"Antecedentes"}]},{"@type":"WebSite","@id":"https:\/\/seminarioamigos.mx\/#website","url":"https:\/\/seminarioamigos.mx\/","name":"Seminario Amigos de la Aviaci\u00f3n","description":"Nos vemos el pr\u00f3ximo 5, 6 y 7 de Agosto de 2026 en Monterrey Seminario Internacional de Seguridad A\u00e9rea, Amigos de la Aviaci\u00f3n Western Hemisphere Conference.","publisher":{"@id":"https:\/\/seminarioamigos.mx\/#organization"},"alternateName":"Seminario Amigos de la Aviaci\u00f3n","potentialAction":[{"@type":"SearchAction","target":{"@type":"EntryPoint","urlTemplate":"https:\/\/seminarioamigos.mx\/?s={search_term_string}"},"query-input":{"@type":"PropertyValueSpecification","valueRequired":true,"valueName":"search_term_string"}}],"inLanguage":"en-US"},{"@type":"Organization","@id":"https:\/\/seminarioamigos.mx\/#organization","name":"Seminario Amigos de la Aviaci\u00f3n","url":"https:\/\/seminarioamigos.mx\/","logo":{"@type":"ImageObject","inLanguage":"en-US","@id":"https:\/\/seminarioamigos.mx\/#\/schema\/logo\/image\/","url":"https:\/\/seminarioamigos.mx\/wp-content\/uploads\/2026\/02\/cropped-Seminario_Amigos_Saltilla_2025Logos_Patrocinadores-25.png","contentUrl":"https:\/\/seminarioamigos.mx\/wp-content\/uploads\/2026\/02\/cropped-Seminario_Amigos_Saltilla_2025Logos_Patrocinadores-25.png","width":1688,"height":422,"caption":"Seminario Amigos de la Aviaci\u00f3n"},"image":{"@id":"https:\/\/seminarioamigos.mx\/#\/schema\/logo\/image\/"},"sameAs":["https:\/\/www.facebook.com\/AmigosdelaAviacion\/"]}]}},"featured_media_urls":[],"_links":{"self":[{"href":"https:\/\/seminarioamigos.mx\/en\/wp-json\/wp\/v2\/pages\/6914","targetHints":{"allow":["GET"]}}],"collection":[{"href":"https:\/\/seminarioamigos.mx\/en\/wp-json\/wp\/v2\/pages"}],"about":[{"href":"https:\/\/seminarioamigos.mx\/en\/wp-json\/wp\/v2\/types\/page"}],"author":[{"embeddable":true,"href":"https:\/\/seminarioamigos.mx\/en\/wp-json\/wp\/v2\/users\/1"}],"replies":[{"embeddable":true,"href":"https:\/\/seminarioamigos.mx\/en\/wp-json\/wp\/v2\/comments?post=6914"}],"version-history":[{"count":25,"href":"https:\/\/seminarioamigos.mx\/en\/wp-json\/wp\/v2\/pages\/6914\/revisions"}],"predecessor-version":[{"id":7078,"href":"https:\/\/seminarioamigos.mx\/en\/wp-json\/wp\/v2\/pages\/6914\/revisions\/7078"}],"wp:attachment":[{"href":"https:\/\/seminarioamigos.mx\/en\/wp-json\/wp\/v2\/media?parent=6914"}],"curies":[{"name":"wp","href":"https:\/\/api.w.org\/{rel}","templated":true}]}}