{"id":7088,"date":"2024-02-22T19:18:49","date_gmt":"2024-02-22T19:18:49","guid":{"rendered":"https:\/\/seminarioamigos.mx\/?page_id=7088"},"modified":"2026-02-27T20:28:47","modified_gmt":"2026-02-27T20:28:47","slug":"contacto-2-2","status":"publish","type":"page","link":"https:\/\/seminarioamigos.mx\/en\/contacto-2-2\/","title":{"rendered":"Venue"},"content":{"rendered":"<div data-elementor-type=\"wp-page\" data-elementor-id=\"7088\" class=\"elementor elementor-7088\">\n\t\t\t\t\t\t<section class=\"elementor-section elementor-top-section elementor-element elementor-element-e9a6140 elementor-section-boxed elementor-section-height-default elementor-section-height-default exad-glass-effect-no exad-sticky-section-no\" data-id=\"e9a6140\" data-element_type=\"section\" data-e-type=\"section\">\n\t\t\t\t\t\t<div class=\"elementor-container elementor-column-gap-default\">\n\t\t\t\t\t\t<\/div>\n\t\t<\/section>\n\t\t\t\t<section class=\"elementor-section elementor-top-section elementor-element elementor-element-17c65841 elementor-section-boxed elementor-section-height-default elementor-section-height-default exad-glass-effect-no exad-sticky-section-no\" data-id=\"17c65841\" data-element_type=\"section\" data-e-type=\"section\">\n\t\t\t\t\t\t<div class=\"elementor-container elementor-column-gap-default\">\n\t\t\t\t\t\t<\/div>\n\t\t<\/section>\n\t\t<div class=\"elementor-element elementor-element-9b9ccef e-flex e-con-boxed e-con e-parent\" data-id=\"9b9ccef\" data-element_type=\"container\" data-e-type=\"container\">\n\t\t\t\t\t<div class=\"e-con-inner\">\n\t\t\t\t<div class=\"elementor-element elementor-element-edd1669 exad-sticky-section-no exad-glass-effect-no elementor-widget elementor-widget-heading\" data-id=\"edd1669\" data-element_type=\"widget\" data-e-type=\"widget\" data-no-translation=\"\" data-widget_type=\"heading.default\">\n\t\t\t\t<div class=\"elementor-widget-container\">\n\t\t\t\t\t<style>.elementor-element-edd1669{display:none !important}<\/style>\t\t\t\t<\/div>\n\t\t\t\t<\/div>\n\t\t\t\t\t<\/div>\n\t\t\t\t<\/div>\n\t\t\t\t<section class=\"elementor-section elementor-top-section elementor-element elementor-element-34381166 elementor-section-boxed elementor-section-height-default elementor-section-height-default exad-glass-effect-no exad-sticky-section-no\" data-id=\"34381166\" data-element_type=\"section\" data-e-type=\"section\">\n\t\t\t\t\t\t<div class=\"elementor-container elementor-column-gap-default\">\n\t\t\t\t\t\t<\/div>\n\t\t<\/section>\n\t\t\t\t<section class=\"elementor-section elementor-top-section elementor-element elementor-element-4af7823f elementor-section-boxed elementor-section-height-default elementor-section-height-default exad-glass-effect-no exad-sticky-section-no\" data-id=\"4af7823f\" data-element_type=\"section\" data-e-type=\"section\">\n\t\t\t\t\t\t<div class=\"elementor-container elementor-column-gap-default\">\n\t\t\t\t\t\t<\/div>\n\t\t<\/section>\n\t\t\t\t<section class=\"elementor-section elementor-top-section elementor-element elementor-element-4888b84e elementor-section-boxed elementor-section-height-default elementor-section-height-default exad-glass-effect-no exad-sticky-section-no\" data-id=\"4888b84e\" data-element_type=\"section\" data-e-type=\"section\">\n\t\t\t\t\t\t<div class=\"elementor-container elementor-column-gap-default\">\n\t\t\t\t\t\t<\/div>\n\t\t<\/section>\n\t\t\t\t<section class=\"elementor-section elementor-top-section elementor-element elementor-element-1026049d elementor-section-boxed elementor-section-height-default elementor-section-height-default exad-glass-effect-no exad-sticky-section-no\" data-id=\"1026049d\" data-element_type=\"section\" data-e-type=\"section\">\n\t\t\t\t\t\t<div class=\"elementor-container elementor-column-gap-default\">\n\t\t\t\t\t\t<\/div>\n\t\t<\/section>\n\t\t\t\t<section class=\"elementor-section elementor-top-section elementor-element elementor-element-1599ad09 elementor-section-boxed elementor-section-height-default elementor-section-height-default exad-glass-effect-no exad-sticky-section-no\" data-id=\"1599ad09\" data-element_type=\"section\" data-e-type=\"section\">\n\t\t\t\t\t\t<div class=\"elementor-container elementor-column-gap-default\">\n\t\t\t\t\t\t<\/div>\n\t\t<\/section>\n\t\t\t\t<section class=\"elementor-section elementor-top-section elementor-element elementor-element-68eb0277 elementor-section-boxed elementor-section-height-default elementor-section-height-default exad-glass-effect-no exad-sticky-section-no\" data-id=\"68eb0277\" data-element_type=\"section\" data-e-type=\"section\">\n\t\t\t\t\t\t<div class=\"elementor-container elementor-column-gap-default\">\n\t\t\t\t\t\t<\/div>\n\t\t<\/section>\n\t\t\t\t<section class=\"elementor-section elementor-top-section elementor-element elementor-element-4957bcdc elementor-section-boxed elementor-section-height-default elementor-section-height-default exad-glass-effect-no exad-sticky-section-no\" data-id=\"4957bcdc\" data-element_type=\"section\" data-e-type=\"section\">\n\t\t\t\t\t\t<div class=\"elementor-container elementor-column-gap-default\">\n\t\t\t\t\t\t<\/div>\n\t\t<\/section>\n\t\t\t\t<section class=\"elementor-section elementor-top-section elementor-element elementor-element-34896bf5 elementor-section-boxed elementor-section-height-default elementor-section-height-default exad-glass-effect-no exad-sticky-section-no\" data-id=\"34896bf5\" data-element_type=\"section\" data-e-type=\"section\">\n\t\t\t\t\t\t<div class=\"elementor-container elementor-column-gap-default\">\n\t\t\t\t\t\t<\/div>\n\t\t<\/section>\n\t\t\t\t<section class=\"elementor-section elementor-top-section elementor-element elementor-element-69d73cb1 elementor-section-boxed elementor-section-height-default elementor-section-height-default exad-glass-effect-no exad-sticky-section-no\" data-id=\"69d73cb1\" data-element_type=\"section\" data-e-type=\"section\">\n\t\t\t\t\t\t<div class=\"elementor-container elementor-column-gap-default\">\n\t\t\t\t\t\t<\/div>\n\t\t<\/section>\n\t\t\t\t<section class=\"elementor-section elementor-top-section elementor-element elementor-element-34e41a41 elementor-section-boxed elementor-section-height-default elementor-section-height-default exad-glass-effect-no exad-sticky-section-no\" data-id=\"34e41a41\" data-element_type=\"section\" data-e-type=\"section\">\n\t\t\t\t\t\t<div class=\"elementor-container elementor-column-gap-default\">\n\t\t\t\t\t\t<\/div>\n\t\t<\/section>\n\t\t\t\t<\/div>","protected":false},"excerpt":{"rendered":"","protected":false},"author":1,"featured_media":0,"parent":0,"menu_order":0,"comment_status":"closed","ping_status":"closed","template":"","meta":{"inspiro_hide_title":false,"footnotes":""},"class_list":["post-7088","page","type-page","status-publish","hentry"],"yoast_head":"<!-- This site is optimized with the Yoast SEO plugin v27.4 - https:\/\/yoast.com\/product\/yoast-seo-wordpress\/ -->\n<title>Sede &#8211; Seminario Amigos de la Aviaci\u00f3n<\/title>\n<meta name=\"robots\" content=\"index, follow, max-snippet:-1, max-image-preview:large, max-video-preview:-1\" \/>\n<link rel=\"canonical\" href=\"https:\/\/seminarioamigos.mx\/en\/contacto-2-2\/\" \/>\n<meta property=\"og:locale\" content=\"en_US\" \/>\n<meta property=\"og:type\" content=\"article\" \/>\n<meta property=\"og:title\" content=\"Sede &#8211; Seminario Amigos de la Aviaci\u00f3n\" \/>\n<meta property=\"og:url\" content=\"https:\/\/seminarioamigos.mx\/en\/contacto-2-2\/\" \/>\n<meta property=\"og:site_name\" content=\"Seminario Amigos de la Aviaci\u00f3n\" \/>\n<meta property=\"article:publisher\" content=\"https:\/\/www.facebook.com\/AmigosdelaAviacion\/\" \/>\n<meta property=\"article:modified_time\" content=\"2026-02-27T20:28:47+00:00\" \/>\n<meta property=\"og:image\" content=\"https:\/\/seminarioamigos.mx\/wp-content\/uploads\/2024\/02\/cropped-thumnail.png\" \/>\n\t<meta property=\"og:image:width\" content=\"512\" \/>\n\t<meta property=\"og:image:height\" content=\"512\" \/>\n\t<meta property=\"og:image:type\" content=\"image\/png\" \/>\n<meta name=\"twitter:card\" content=\"summary_large_image\" \/>\n<meta name=\"twitter:label1\" content=\"Est. reading time\" \/>\n\t<meta name=\"twitter:data1\" content=\"1 minute\" \/>\n<script type=\"application\/ld+json\" class=\"yoast-schema-graph\">{\"@context\":\"https:\\\/\\\/schema.org\",\"@graph\":[{\"@type\":\"WebPage\",\"@id\":\"https:\\\/\\\/seminarioamigos.mx\\\/contacto-2-2\\\/\",\"url\":\"https:\\\/\\\/seminarioamigos.mx\\\/contacto-2-2\\\/\",\"name\":\"Sede &#8211; Seminario Amigos de la Aviaci\u00f3n\",\"isPartOf\":{\"@id\":\"https:\\\/\\\/seminarioamigos.mx\\\/#website\"},\"datePublished\":\"2024-02-22T19:18:49+00:00\",\"dateModified\":\"2026-02-27T20:28:47+00:00\",\"breadcrumb\":{\"@id\":\"https:\\\/\\\/seminarioamigos.mx\\\/contacto-2-2\\\/#breadcrumb\"},\"inLanguage\":\"en-US\",\"potentialAction\":[{\"@type\":\"ReadAction\",\"target\":[\"https:\\\/\\\/seminarioamigos.mx\\\/contacto-2-2\\\/\"]}]},{\"@type\":\"BreadcrumbList\",\"@id\":\"https:\\\/\\\/seminarioamigos.mx\\\/contacto-2-2\\\/#breadcrumb\",\"itemListElement\":[{\"@type\":\"ListItem\",\"position\":1,\"name\":\"Home\",\"item\":\"https:\\\/\\\/seminarioamigos.mx\\\/\"},{\"@type\":\"ListItem\",\"position\":2,\"name\":\"Sede\"}]},{\"@type\":\"WebSite\",\"@id\":\"https:\\\/\\\/seminarioamigos.mx\\\/#website\",\"url\":\"https:\\\/\\\/seminarioamigos.mx\\\/\",\"name\":\"Seminario Amigos de la Aviaci\u00f3n\",\"description\":\"Nos vemos el pr\u00f3ximo 5, 6 y 7 de Agosto de 2026 en Monterrey Seminario Internacional de Seguridad A\u00e9rea, Amigos de la Aviaci\u00f3n Western Hemisphere Conference.\",\"publisher\":{\"@id\":\"https:\\\/\\\/seminarioamigos.mx\\\/#organization\"},\"alternateName\":\"Seminario Amigos de la Aviaci\u00f3n\",\"potentialAction\":[{\"@type\":\"SearchAction\",\"target\":{\"@type\":\"EntryPoint\",\"urlTemplate\":\"https:\\\/\\\/seminarioamigos.mx\\\/?s={search_term_string}\"},\"query-input\":{\"@type\":\"PropertyValueSpecification\",\"valueRequired\":true,\"valueName\":\"search_term_string\"}}],\"inLanguage\":\"en-US\"},{\"@type\":\"Organization\",\"@id\":\"https:\\\/\\\/seminarioamigos.mx\\\/#organization\",\"name\":\"Seminario Amigos de la Aviaci\u00f3n\",\"url\":\"https:\\\/\\\/seminarioamigos.mx\\\/\",\"logo\":{\"@type\":\"ImageObject\",\"inLanguage\":\"en-US\",\"@id\":\"https:\\\/\\\/seminarioamigos.mx\\\/#\\\/schema\\\/logo\\\/image\\\/\",\"url\":\"https:\\\/\\\/seminarioamigos.mx\\\/wp-content\\\/uploads\\\/2026\\\/02\\\/cropped-Seminario_Amigos_Saltilla_2025Logos_Patrocinadores-25.png\",\"contentUrl\":\"https:\\\/\\\/seminarioamigos.mx\\\/wp-content\\\/uploads\\\/2026\\\/02\\\/cropped-Seminario_Amigos_Saltilla_2025Logos_Patrocinadores-25.png\",\"width\":1688,\"height\":422,\"caption\":\"Seminario Amigos de la Aviaci\u00f3n\"},\"image\":{\"@id\":\"https:\\\/\\\/seminarioamigos.mx\\\/#\\\/schema\\\/logo\\\/image\\\/\"},\"sameAs\":[\"https:\\\/\\\/www.facebook.com\\\/AmigosdelaAviacion\\\/\"]}]}<\/script>\n<!-- \/ Yoast SEO plugin. -->","yoast_head_json":{"title":"Sede &#8211; Seminario Amigos de la Aviaci\u00f3n","robots":{"index":"index","follow":"follow","max-snippet":"max-snippet:-1","max-image-preview":"max-image-preview:large","max-video-preview":"max-video-preview:-1"},"canonical":"https:\/\/seminarioamigos.mx\/en\/contacto-2-2\/","og_locale":"en_US","og_type":"article","og_title":"Sede &#8211; Seminario Amigos de la Aviaci\u00f3n","og_url":"https:\/\/seminarioamigos.mx\/en\/contacto-2-2\/","og_site_name":"Seminario Amigos de la Aviaci\u00f3n","article_publisher":"https:\/\/www.facebook.com\/AmigosdelaAviacion\/","article_modified_time":"2026-02-27T20:28:47+00:00","og_image":[{"width":512,"height":512,"url":"https:\/\/seminarioamigos.mx\/wp-content\/uploads\/2024\/02\/cropped-thumnail.png","type":"image\/png"}],"twitter_card":"summary_large_image","twitter_misc":{"Est. reading time":"1 minute"},"schema":{"@context":"https:\/\/schema.org","@graph":[{"@type":"WebPage","@id":"https:\/\/seminarioamigos.mx\/contacto-2-2\/","url":"https:\/\/seminarioamigos.mx\/contacto-2-2\/","name":"Sede &#8211; Seminario Amigos de la Aviaci\u00f3n","isPartOf":{"@id":"https:\/\/seminarioamigos.mx\/#website"},"datePublished":"2024-02-22T19:18:49+00:00","dateModified":"2026-02-27T20:28:47+00:00","breadcrumb":{"@id":"https:\/\/seminarioamigos.mx\/contacto-2-2\/#breadcrumb"},"inLanguage":"en-US","potentialAction":[{"@type":"ReadAction","target":["https:\/\/seminarioamigos.mx\/contacto-2-2\/"]}]},{"@type":"BreadcrumbList","@id":"https:\/\/seminarioamigos.mx\/contacto-2-2\/#breadcrumb","itemListElement":[{"@type":"ListItem","position":1,"name":"Home","item":"https:\/\/seminarioamigos.mx\/"},{"@type":"ListItem","position":2,"name":"Sede"}]},{"@type":"WebSite","@id":"https:\/\/seminarioamigos.mx\/#website","url":"https:\/\/seminarioamigos.mx\/","name":"Seminario Amigos de la Aviaci\u00f3n","description":"Nos vemos el pr\u00f3ximo 5, 6 y 7 de Agosto de 2026 en Monterrey Seminario Internacional de Seguridad A\u00e9rea, Amigos de la Aviaci\u00f3n Western Hemisphere Conference.","publisher":{"@id":"https:\/\/seminarioamigos.mx\/#organization"},"alternateName":"Seminario Amigos de la Aviaci\u00f3n","potentialAction":[{"@type":"SearchAction","target":{"@type":"EntryPoint","urlTemplate":"https:\/\/seminarioamigos.mx\/?s={search_term_string}"},"query-input":{"@type":"PropertyValueSpecification","valueRequired":true,"valueName":"search_term_string"}}],"inLanguage":"en-US"},{"@type":"Organization","@id":"https:\/\/seminarioamigos.mx\/#organization","name":"Seminario Amigos de la Aviaci\u00f3n","url":"https:\/\/seminarioamigos.mx\/","logo":{"@type":"ImageObject","inLanguage":"en-US","@id":"https:\/\/seminarioamigos.mx\/#\/schema\/logo\/image\/","url":"https:\/\/seminarioamigos.mx\/wp-content\/uploads\/2026\/02\/cropped-Seminario_Amigos_Saltilla_2025Logos_Patrocinadores-25.png","contentUrl":"https:\/\/seminarioamigos.mx\/wp-content\/uploads\/2026\/02\/cropped-Seminario_Amigos_Saltilla_2025Logos_Patrocinadores-25.png","width":1688,"height":422,"caption":"Seminario Amigos de la Aviaci\u00f3n"},"image":{"@id":"https:\/\/seminarioamigos.mx\/#\/schema\/logo\/image\/"},"sameAs":["https:\/\/www.facebook.com\/AmigosdelaAviacion\/"]}]}},"featured_media_urls":[],"_links":{"self":[{"href":"https:\/\/seminarioamigos.mx\/en\/wp-json\/wp\/v2\/pages\/7088","targetHints":{"allow":["GET"]}}],"collection":[{"href":"https:\/\/seminarioamigos.mx\/en\/wp-json\/wp\/v2\/pages"}],"about":[{"href":"https:\/\/seminarioamigos.mx\/en\/wp-json\/wp\/v2\/types\/page"}],"author":[{"embeddable":true,"href":"https:\/\/seminarioamigos.mx\/en\/wp-json\/wp\/v2\/users\/1"}],"replies":[{"embeddable":true,"href":"https:\/\/seminarioamigos.mx\/en\/wp-json\/wp\/v2\/comments?post=7088"}],"version-history":[{"count":76,"href":"https:\/\/seminarioamigos.mx\/en\/wp-json\/wp\/v2\/pages\/7088\/revisions"}],"predecessor-version":[{"id":8153,"href":"https:\/\/seminarioamigos.mx\/en\/wp-json\/wp\/v2\/pages\/7088\/revisions\/8153"}],"wp:attachment":[{"href":"https:\/\/seminarioamigos.mx\/en\/wp-json\/wp\/v2\/media?parent=7088"}],"curies":[{"name":"wp","href":"https:\/\/api.w.org\/{rel}","templated":true}]}}