{"id":8158,"date":"2026-03-10T03:33:48","date_gmt":"2026-03-10T03:33:48","guid":{"rendered":"https:\/\/seminarioamigos.mx\/?page_id=8158"},"modified":"2026-03-10T15:27:34","modified_gmt":"2026-03-10T15:27:34","slug":"programa-3-2","status":"publish","type":"page","link":"https:\/\/seminarioamigos.mx\/en\/programa-3-2\/","title":{"rendered":"Programa 2026"},"content":{"rendered":"<div data-elementor-type=\"wp-page\" data-elementor-id=\"8158\" class=\"elementor elementor-8158\">\n\t\t\t\t\t\t<section class=\"elementor-section elementor-top-section elementor-element elementor-element-17c65841 elementor-section-boxed elementor-section-height-default elementor-section-height-default exad-glass-effect-no exad-sticky-section-no\" data-id=\"17c65841\" data-element_type=\"section\" data-e-type=\"section\">\n\t\t\t\t\t\t<div class=\"elementor-container elementor-column-gap-default\">\n\t\t\t\t\t\t<\/div>\n\t\t<\/section>\n\t\t<div class=\"elementor-element elementor-element-74c1022 e-flex e-con-boxed e-con e-parent\" data-id=\"74c1022\" data-element_type=\"container\" data-e-type=\"container\">\n\t\t\t\t\t<div class=\"e-con-inner\">\n\t\t\t\t<div class=\"elementor-element elementor-element-7bfa99e exad-sticky-section-no exad-glass-effect-no elementor-widget elementor-widget-heading\" data-id=\"7bfa99e\" data-element_type=\"widget\" data-e-type=\"widget\" data-widget_type=\"heading.default\">\n\t\t\t\t<div class=\"elementor-widget-container\">\n\t\t\t\t\t<h2 class=\"elementor-heading-title elementor-size-default\">Programa 2026<\/h2>\t\t\t\t<\/div>\n\t\t\t\t<\/div>\n\t\t\t\t\t<\/div>\n\t\t\t\t<\/div>\n\t\t\t\t<section class=\"elementor-section elementor-top-section elementor-element elementor-element-53693509 elementor-section-boxed elementor-section-height-default elementor-section-height-default exad-glass-effect-no exad-sticky-section-no\" data-id=\"53693509\" data-element_type=\"section\" data-e-type=\"section\">\n\t\t\t\t\t\t<div class=\"elementor-container elementor-column-gap-default\">\n\t\t\t\t\t\t<\/div>\n\t\t<\/section>\n\t\t\t\t<section class=\"elementor-section elementor-top-section elementor-element elementor-element-7d421d61 elementor-section-boxed elementor-section-height-default elementor-section-height-default exad-glass-effect-no exad-sticky-section-no\" data-id=\"7d421d61\" data-element_type=\"section\" data-e-type=\"section\">\n\t\t\t\t\t\t<div class=\"elementor-container elementor-column-gap-default\">\n\t\t\t\t\t\t<\/div>\n\t\t<\/section>\n\t\t\t\t<section class=\"elementor-section elementor-top-section elementor-element elementor-element-63b1144e elementor-section-boxed elementor-section-height-default elementor-section-height-default exad-glass-effect-no exad-sticky-section-no\" data-id=\"63b1144e\" data-element_type=\"section\" data-e-type=\"section\">\n\t\t\t\t\t\t<div class=\"elementor-container elementor-column-gap-default\">\n\t\t\t\t\t\t<\/div>\n\t\t<\/section>\n\t\t\t\t<section class=\"elementor-section elementor-top-section elementor-element elementor-element-131d2c1 elementor-section-boxed elementor-section-height-default elementor-section-height-default exad-glass-effect-no exad-sticky-section-no\" data-id=\"131d2c1\" data-element_type=\"section\" data-e-type=\"section\">\n\t\t\t\t\t\t<div class=\"elementor-container elementor-column-gap-default\">\n\t\t\t\t\t\t<\/div>\n\t\t<\/section>\n\t\t\t\t<section class=\"elementor-section elementor-top-section elementor-element elementor-element-191df65d elementor-section-boxed elementor-section-height-default elementor-section-height-default exad-glass-effect-no exad-sticky-section-no\" data-id=\"191df65d\" data-element_type=\"section\" data-e-type=\"section\">\n\t\t\t\t\t\t<div class=\"elementor-container elementor-column-gap-default\">\n\t\t\t\t\t\t<\/div>\n\t\t<\/section>\n\t\t\t\t<section class=\"elementor-section elementor-top-section elementor-element elementor-element-6d24d4be elementor-section-boxed elementor-section-height-default elementor-section-height-default exad-glass-effect-no exad-sticky-section-no\" data-id=\"6d24d4be\" data-element_type=\"section\" data-e-type=\"section\">\n\t\t\t\t\t\t<div class=\"elementor-container elementor-column-gap-default\">\n\t\t\t\t\t\t<\/div>\n\t\t<\/section>\n\t\t\t\t<section class=\"elementor-section elementor-top-section elementor-element elementor-element-2db949af elementor-section-boxed elementor-section-height-default elementor-section-height-default exad-glass-effect-no exad-sticky-section-no\" data-id=\"2db949af\" data-element_type=\"section\" data-e-type=\"section\">\n\t\t\t\t\t\t<div class=\"elementor-container elementor-column-gap-default\">\n\t\t\t\t\t\t<\/div>\n\t\t<\/section>\n\t\t\t\t<section class=\"elementor-section elementor-top-section elementor-element elementor-element-3ca4f497 elementor-section-boxed elementor-section-height-default elementor-section-height-default exad-glass-effect-no exad-sticky-section-no\" data-id=\"3ca4f497\" data-element_type=\"section\" data-e-type=\"section\">\n\t\t\t\t\t\t<div class=\"elementor-container elementor-column-gap-default\">\n\t\t\t\t\t\t<\/div>\n\t\t<\/section>\n\t\t\t\t<section class=\"elementor-section elementor-top-section elementor-element elementor-element-e9a6140 elementor-section-boxed elementor-section-height-default elementor-section-height-default exad-glass-effect-no exad-sticky-section-no\" data-id=\"e9a6140\" data-element_type=\"section\" data-e-type=\"section\">\n\t\t\t\t\t\t<div class=\"elementor-container elementor-column-gap-default\">\n\t\t\t\t\t\t<\/div>\n\t\t<\/section>\n\t\t\t\t<section class=\"elementor-section elementor-top-section elementor-element elementor-element-5baa43f4 elementor-section-boxed elementor-section-height-default elementor-section-height-default exad-glass-effect-no exad-sticky-section-no\" data-id=\"5baa43f4\" data-element_type=\"section\" data-e-type=\"section\">\n\t\t\t\t\t\t<div class=\"elementor-container elementor-column-gap-default\">\n\t\t\t\t\t\t<\/div>\n\t\t<\/section>\n\t\t\t\t<section class=\"elementor-section elementor-top-section elementor-element elementor-element-3ed07cc8 elementor-section-boxed elementor-section-height-default elementor-section-height-default exad-glass-effect-no exad-sticky-section-no\" data-id=\"3ed07cc8\" data-element_type=\"section\" data-e-type=\"section\">\n\t\t\t\t\t\t<div class=\"elementor-container elementor-column-gap-default\">\n\t\t\t\t\t\t<\/div>\n\t\t<\/section>\n\t\t\t\t<section class=\"elementor-section elementor-top-section elementor-element elementor-element-76e538a4 elementor-section-boxed elementor-section-height-default elementor-section-height-default exad-glass-effect-no exad-sticky-section-no\" data-id=\"76e538a4\" data-element_type=\"section\" data-e-type=\"section\">\n\t\t\t\t\t\t<div class=\"elementor-container elementor-column-gap-default\">\n\t\t\t\t\t\t<\/div>\n\t\t<\/section>\n\t\t\t\t<section class=\"elementor-section elementor-top-section elementor-element elementor-element-23337860 elementor-section-boxed elementor-section-height-default elementor-section-height-default exad-glass-effect-no exad-sticky-section-no\" data-id=\"23337860\" data-element_type=\"section\" data-e-type=\"section\">\n\t\t\t\t\t\t<div class=\"elementor-container elementor-column-gap-default\">\n\t\t\t\t\t\t<\/div>\n\t\t<\/section>\n\t\t<div class=\"elementor-element elementor-element-d8f40d9 e-flex e-con-boxed e-con e-parent\" data-id=\"d8f40d9\" data-element_type=\"container\" data-e-type=\"container\">\n\t\t\t\t\t<div class=\"e-con-inner\">\n\t\t\t\t<div class=\"elementor-element elementor-element-a50cc16 exad-sticky-section-no exad-glass-effect-no elementor-widget elementor-widget-heading\" data-id=\"a50cc16\" data-element_type=\"widget\" data-e-type=\"widget\" data-widget_type=\"heading.default\">\n\t\t\t\t<div class=\"elementor-widget-container\">\n\t\t\t\t\t<h3 class=\"elementor-heading-title elementor-size-default\">En Construcci\u00f3n<\/h3>\t\t\t\t<\/div>\n\t\t\t\t<\/div>\n\t\t\t\t\t<\/div>\n\t\t\t\t<\/div>\n\t\t\t\t<\/div>","protected":false},"excerpt":{"rendered":"<p>Programa 2026 En Construcci\u00f3n<\/p>","protected":false},"author":1,"featured_media":0,"parent":0,"menu_order":0,"comment_status":"closed","ping_status":"closed","template":"","meta":{"inspiro_hide_title":false,"footnotes":""},"class_list":["post-8158","page","type-page","status-publish","hentry"],"yoast_head":"<!-- This site is optimized with the Yoast SEO plugin v27.4 - https:\/\/yoast.com\/product\/yoast-seo-wordpress\/ -->\n<title>Programa 2026 &#8211; Seminario Amigos de la Aviaci\u00f3n<\/title>\n<meta name=\"robots\" content=\"index, follow, max-snippet:-1, max-image-preview:large, max-video-preview:-1\" \/>\n<link rel=\"canonical\" href=\"https:\/\/seminarioamigos.mx\/en\/programa-3-2\/\" \/>\n<meta property=\"og:locale\" content=\"en_US\" \/>\n<meta property=\"og:type\" content=\"article\" \/>\n<meta property=\"og:title\" content=\"Programa 2026 &#8211; Seminario Amigos de la Aviaci\u00f3n\" \/>\n<meta property=\"og:description\" content=\"Programa 2026 En Construcci\u00f3n\" \/>\n<meta property=\"og:url\" content=\"https:\/\/seminarioamigos.mx\/en\/programa-3-2\/\" \/>\n<meta property=\"og:site_name\" content=\"Seminario Amigos de la Aviaci\u00f3n\" \/>\n<meta property=\"article:publisher\" content=\"https:\/\/www.facebook.com\/AmigosdelaAviacion\/\" \/>\n<meta property=\"article:modified_time\" content=\"2026-03-10T15:27:34+00:00\" \/>\n<meta property=\"og:image\" content=\"https:\/\/seminarioamigos.mx\/wp-content\/uploads\/2024\/02\/cropped-thumnail.png\" \/>\n\t<meta property=\"og:image:width\" content=\"512\" \/>\n\t<meta property=\"og:image:height\" content=\"512\" \/>\n\t<meta property=\"og:image:type\" content=\"image\/png\" \/>\n<meta name=\"twitter:card\" content=\"summary_large_image\" \/>\n<meta name=\"twitter:label1\" content=\"Est. reading time\" \/>\n\t<meta name=\"twitter:data1\" content=\"1 minute\" \/>\n<script type=\"application\/ld+json\" class=\"yoast-schema-graph\">{\"@context\":\"https:\\\/\\\/schema.org\",\"@graph\":[{\"@type\":\"WebPage\",\"@id\":\"https:\\\/\\\/seminarioamigos.mx\\\/programa-3-2\\\/\",\"url\":\"https:\\\/\\\/seminarioamigos.mx\\\/programa-3-2\\\/\",\"name\":\"Programa 2026 &#8211; Seminario Amigos de la Aviaci\u00f3n\",\"isPartOf\":{\"@id\":\"https:\\\/\\\/seminarioamigos.mx\\\/#website\"},\"datePublished\":\"2026-03-10T03:33:48+00:00\",\"dateModified\":\"2026-03-10T15:27:34+00:00\",\"breadcrumb\":{\"@id\":\"https:\\\/\\\/seminarioamigos.mx\\\/programa-3-2\\\/#breadcrumb\"},\"inLanguage\":\"en-US\",\"potentialAction\":[{\"@type\":\"ReadAction\",\"target\":[\"https:\\\/\\\/seminarioamigos.mx\\\/programa-3-2\\\/\"]}]},{\"@type\":\"BreadcrumbList\",\"@id\":\"https:\\\/\\\/seminarioamigos.mx\\\/programa-3-2\\\/#breadcrumb\",\"itemListElement\":[{\"@type\":\"ListItem\",\"position\":1,\"name\":\"Home\",\"item\":\"https:\\\/\\\/seminarioamigos.mx\\\/\"},{\"@type\":\"ListItem\",\"position\":2,\"name\":\"Programa 2026\"}]},{\"@type\":\"WebSite\",\"@id\":\"https:\\\/\\\/seminarioamigos.mx\\\/#website\",\"url\":\"https:\\\/\\\/seminarioamigos.mx\\\/\",\"name\":\"Seminario Amigos de la Aviaci\u00f3n\",\"description\":\"Nos vemos el pr\u00f3ximo 5, 6 y 7 de Agosto de 2026 en Monterrey Seminario Internacional de Seguridad A\u00e9rea, Amigos de la Aviaci\u00f3n Western Hemisphere Conference.\",\"publisher\":{\"@id\":\"https:\\\/\\\/seminarioamigos.mx\\\/#organization\"},\"alternateName\":\"Seminario Amigos de la Aviaci\u00f3n\",\"potentialAction\":[{\"@type\":\"SearchAction\",\"target\":{\"@type\":\"EntryPoint\",\"urlTemplate\":\"https:\\\/\\\/seminarioamigos.mx\\\/?s={search_term_string}\"},\"query-input\":{\"@type\":\"PropertyValueSpecification\",\"valueRequired\":true,\"valueName\":\"search_term_string\"}}],\"inLanguage\":\"en-US\"},{\"@type\":\"Organization\",\"@id\":\"https:\\\/\\\/seminarioamigos.mx\\\/#organization\",\"name\":\"Seminario Amigos de la Aviaci\u00f3n\",\"url\":\"https:\\\/\\\/seminarioamigos.mx\\\/\",\"logo\":{\"@type\":\"ImageObject\",\"inLanguage\":\"en-US\",\"@id\":\"https:\\\/\\\/seminarioamigos.mx\\\/#\\\/schema\\\/logo\\\/image\\\/\",\"url\":\"https:\\\/\\\/seminarioamigos.mx\\\/wp-content\\\/uploads\\\/2026\\\/02\\\/cropped-Seminario_Amigos_Saltilla_2025Logos_Patrocinadores-25.png\",\"contentUrl\":\"https:\\\/\\\/seminarioamigos.mx\\\/wp-content\\\/uploads\\\/2026\\\/02\\\/cropped-Seminario_Amigos_Saltilla_2025Logos_Patrocinadores-25.png\",\"width\":1688,\"height\":422,\"caption\":\"Seminario Amigos de la Aviaci\u00f3n\"},\"image\":{\"@id\":\"https:\\\/\\\/seminarioamigos.mx\\\/#\\\/schema\\\/logo\\\/image\\\/\"},\"sameAs\":[\"https:\\\/\\\/www.facebook.com\\\/AmigosdelaAviacion\\\/\"]}]}<\/script>\n<!-- \/ Yoast SEO plugin. -->","yoast_head_json":{"title":"Programa 2026 &#8211; Seminario Amigos de la Aviaci\u00f3n","robots":{"index":"index","follow":"follow","max-snippet":"max-snippet:-1","max-image-preview":"max-image-preview:large","max-video-preview":"max-video-preview:-1"},"canonical":"https:\/\/seminarioamigos.mx\/en\/programa-3-2\/","og_locale":"en_US","og_type":"article","og_title":"Programa 2026 &#8211; Seminario Amigos de la Aviaci\u00f3n","og_description":"Programa 2026 En Construcci\u00f3n","og_url":"https:\/\/seminarioamigos.mx\/en\/programa-3-2\/","og_site_name":"Seminario Amigos de la Aviaci\u00f3n","article_publisher":"https:\/\/www.facebook.com\/AmigosdelaAviacion\/","article_modified_time":"2026-03-10T15:27:34+00:00","og_image":[{"width":512,"height":512,"url":"https:\/\/seminarioamigos.mx\/wp-content\/uploads\/2024\/02\/cropped-thumnail.png","type":"image\/png"}],"twitter_card":"summary_large_image","twitter_misc":{"Est. reading time":"1 minute"},"schema":{"@context":"https:\/\/schema.org","@graph":[{"@type":"WebPage","@id":"https:\/\/seminarioamigos.mx\/programa-3-2\/","url":"https:\/\/seminarioamigos.mx\/programa-3-2\/","name":"Programa 2026 &#8211; Seminario Amigos de la Aviaci\u00f3n","isPartOf":{"@id":"https:\/\/seminarioamigos.mx\/#website"},"datePublished":"2026-03-10T03:33:48+00:00","dateModified":"2026-03-10T15:27:34+00:00","breadcrumb":{"@id":"https:\/\/seminarioamigos.mx\/programa-3-2\/#breadcrumb"},"inLanguage":"en-US","potentialAction":[{"@type":"ReadAction","target":["https:\/\/seminarioamigos.mx\/programa-3-2\/"]}]},{"@type":"BreadcrumbList","@id":"https:\/\/seminarioamigos.mx\/programa-3-2\/#breadcrumb","itemListElement":[{"@type":"ListItem","position":1,"name":"Home","item":"https:\/\/seminarioamigos.mx\/"},{"@type":"ListItem","position":2,"name":"Programa 2026"}]},{"@type":"WebSite","@id":"https:\/\/seminarioamigos.mx\/#website","url":"https:\/\/seminarioamigos.mx\/","name":"Seminario Amigos de la Aviaci\u00f3n","description":"Nos vemos el pr\u00f3ximo 5, 6 y 7 de Agosto de 2026 en Monterrey Seminario Internacional de Seguridad A\u00e9rea, Amigos de la Aviaci\u00f3n Western Hemisphere Conference.","publisher":{"@id":"https:\/\/seminarioamigos.mx\/#organization"},"alternateName":"Seminario Amigos de la Aviaci\u00f3n","potentialAction":[{"@type":"SearchAction","target":{"@type":"EntryPoint","urlTemplate":"https:\/\/seminarioamigos.mx\/?s={search_term_string}"},"query-input":{"@type":"PropertyValueSpecification","valueRequired":true,"valueName":"search_term_string"}}],"inLanguage":"en-US"},{"@type":"Organization","@id":"https:\/\/seminarioamigos.mx\/#organization","name":"Seminario Amigos de la Aviaci\u00f3n","url":"https:\/\/seminarioamigos.mx\/","logo":{"@type":"ImageObject","inLanguage":"en-US","@id":"https:\/\/seminarioamigos.mx\/#\/schema\/logo\/image\/","url":"https:\/\/seminarioamigos.mx\/wp-content\/uploads\/2026\/02\/cropped-Seminario_Amigos_Saltilla_2025Logos_Patrocinadores-25.png","contentUrl":"https:\/\/seminarioamigos.mx\/wp-content\/uploads\/2026\/02\/cropped-Seminario_Amigos_Saltilla_2025Logos_Patrocinadores-25.png","width":1688,"height":422,"caption":"Seminario Amigos de la Aviaci\u00f3n"},"image":{"@id":"https:\/\/seminarioamigos.mx\/#\/schema\/logo\/image\/"},"sameAs":["https:\/\/www.facebook.com\/AmigosdelaAviacion\/"]}]}},"featured_media_urls":[],"_links":{"self":[{"href":"https:\/\/seminarioamigos.mx\/en\/wp-json\/wp\/v2\/pages\/8158","targetHints":{"allow":["GET"]}}],"collection":[{"href":"https:\/\/seminarioamigos.mx\/en\/wp-json\/wp\/v2\/pages"}],"about":[{"href":"https:\/\/seminarioamigos.mx\/en\/wp-json\/wp\/v2\/types\/page"}],"author":[{"embeddable":true,"href":"https:\/\/seminarioamigos.mx\/en\/wp-json\/wp\/v2\/users\/1"}],"replies":[{"embeddable":true,"href":"https:\/\/seminarioamigos.mx\/en\/wp-json\/wp\/v2\/comments?post=8158"}],"version-history":[{"count":15,"href":"https:\/\/seminarioamigos.mx\/en\/wp-json\/wp\/v2\/pages\/8158\/revisions"}],"predecessor-version":[{"id":8179,"href":"https:\/\/seminarioamigos.mx\/en\/wp-json\/wp\/v2\/pages\/8158\/revisions\/8179"}],"wp:attachment":[{"href":"https:\/\/seminarioamigos.mx\/en\/wp-json\/wp\/v2\/media?parent=8158"}],"curies":[{"name":"wp","href":"https:\/\/api.w.org\/{rel}","templated":true}]}}